{"id":1918,"date":"2015-03-20T10:24:28","date_gmt":"2015-03-20T08:12:09","guid":{"rendered":"http:\/\/lad.metropolia.fi\/wp\/?page_id=1918"},"modified":"2016-12-04T21:40:32","modified_gmt":"2016-12-04T19:40:32","slug":"liikkuvan-arjen-design-2013-2016lad-2-0","status":"publish","type":"page","link":"http:\/\/lad.metropolia.fi\/wp\/?page_id=1918","title":{"rendered":"Liikkuvan arjen design 2013-2016 | LAD 2.0"},"content":{"rendered":"<p><img decoding=\"async\" src=\"https:\/\/wiki.metropolia.fi\/download\/attachments\/92083036\/lad2%2Bwiki.jpg\" alt=\"Liikkuvan arjen design 2.0 mindmap\" \/><br \/>\n&nbsp;<br \/>\nProjekti edisti Helsingin py\u00f6r\u00e4ilyn edist\u00e4misohjelman toteutusta, jossa visioidaan Kampissa toimivan Py\u00f6r\u00e4keskuksen lis\u00e4ksi alueellisia keskuksia t\u00e4ydent\u00e4m\u00e4\u00e4n py\u00f6r\u00e4ilij\u00f6ille tarjottavia palveluja. Tuloksena syntyi suunnitelmia palveluelementeist\u00e4 koostuvalla py\u00f6r\u00e4keskukselle 2.0. Elementeist\u00e4 voidaan rakentaa erilaisia kokonaisuuksia eri puolille kaupunkia, jotka vastaavat liikkujien tarpeisiin. Metropolia Ammattikorkeakoulun koordinoimaa projektia osarahoitti Helsingin kaupungin innovaatiorahasto. Toimenpiteet perustuivat osin aiemman Liikkuvan Arjen Design -hankkeen (EAKR 2011 &#8211; 2013) tulosten jatkokehitt\u00e4miseen.<\/p>\n<p><strong>Projekti ensisijaiset toimet keskittyiv\u00e4t<\/strong><br \/>\n1. P\u00e4\u00e4py\u00f6r\u00e4keskuksen toiminnan kehitt\u00e4miseen<br \/>\n2. Alueellisen keskuksen suunnitteluun Malmin vanhalle asemalle<br \/>\n3. Metropolian kampusten yhteyteen tulevien py\u00f6r\u00e4keskusten suunnitteluun<\/p>\n<p><a href=\"http:\/\/lad.metropolia.fi\/wp\/?filter=lad2\" title=\"LAD 2.0 -projektin tuote- ja palvelukonseptit\"><br \/>\nPROJEKTISSA SYNTYNEET TUOTE- JA PALVELUKONSEPTIT ><\/a><\/p>\n","protected":false},"excerpt":{"rendered":"<p> &nbsp; Projekti edisti Helsingin py\u00f6r\u00e4ilyn edist\u00e4misohjelman toteutusta, jossa visioidaan Kampissa toimivan Py\u00f6r\u00e4keskuksen lis\u00e4ksi alueellisia keskuksia t\u00e4ydent\u00e4m\u00e4\u00e4n py\u00f6r\u00e4ilij\u00f6ille tarjottavia palveluja. Tuloksena syntyi suunnitelmia palveluelementeist\u00e4 koostuvalla py\u00f6r\u00e4keskukselle 2.0. Elementeist\u00e4 voidaan rakentaa erilaisia kokonaisuuksia eri puolille kaupunkia, jotka vastaavat liikkujien tarpeisiin. Metropolia &#8230; <span class=\"more-link\"><a href=\"http:\/\/lad.metropolia.fi\/wp\/?page_id=1918\" class=\"more-link\">Read More<\/a><\/span><\/p>\n","protected":false},"author":1,"featured_media":0,"parent":0,"menu_order":0,"comment_status":"open","ping_status":"open","template":"template-full.php","meta":{"footnotes":""},"class_list":["post-1918","page","type-page","status-publish","hentry"],"_links":{"self":[{"href":"http:\/\/lad.metropolia.fi\/wp\/index.php?rest_route=\/wp\/v2\/pages\/1918","targetHints":{"allow":["GET"]}}],"collection":[{"href":"http:\/\/lad.metropolia.fi\/wp\/index.php?rest_route=\/wp\/v2\/pages"}],"about":[{"href":"http:\/\/lad.metropolia.fi\/wp\/index.php?rest_route=\/wp\/v2\/types\/page"}],"author":[{"embeddable":true,"href":"http:\/\/lad.metropolia.fi\/wp\/index.php?rest_route=\/wp\/v2\/users\/1"}],"replies":[{"embeddable":true,"href":"http:\/\/lad.metropolia.fi\/wp\/index.php?rest_route=%2Fwp%2Fv2%2Fcomments&post=1918"}],"version-history":[{"count":11,"href":"http:\/\/lad.metropolia.fi\/wp\/index.php?rest_route=\/wp\/v2\/pages\/1918\/revisions"}],"predecessor-version":[{"id":3336,"href":"http:\/\/lad.metropolia.fi\/wp\/index.php?rest_route=\/wp\/v2\/pages\/1918\/revisions\/3336"}],"wp:attachment":[{"href":"http:\/\/lad.metropolia.fi\/wp\/index.php?rest_route=%2Fwp%2Fv2%2Fmedia&parent=1918"}],"curies":[{"name":"wp","href":"https:\/\/api.w.org\/{rel}","templated":true}]}}